{"id":40,"date":"2020-09-05T13:47:21","date_gmt":"2020-09-05T11:47:21","guid":{"rendered":"http:\/\/localhost\/word\/wordpress\/?page_id=40"},"modified":"2020-09-08T11:25:48","modified_gmt":"2020-09-08T09:25:48","slug":"nos-services","status":"publish","type":"page","link":"https:\/\/www.bouadjenak.com\/?page_id=40","title":{"rendered":"Nos services"},"content":{"rendered":"\n<div class=\"wp-block-group alignwide\"><div class=\"wp-block-group__inner-container\"><\/div><\/div>\n\n\n\n<div class=\"wp-block-columns\">\n<div class=\"wp-block-column\" style=\"flex-basis:66.66%\">\n<div class=\"wp-block-columns\">\n<div class=\"wp-block-column\" style=\"flex-basis:33.33%\">\n<div class=\"wp-block-buttons\">\n<div class=\"wp-block-button is-style-outline\"><a class=\"wp-block-button__link has-pale-cyan-blue-color has-text-color\" href=\"#\" style=\"border-radius:10px\">Traitement des eaux<\/a><\/div>\n<\/div>\n\n\n\n<p><strong>Traitement et \u00e9puration des eaux<\/strong><\/p>\n<\/div>\n\n\n\n<div class=\"wp-block-column\" style=\"flex-basis:66.66%\">\n<p>Quelle que soit leur provenance, les eaux pr\u00e9lev\u00e9es dans le milieu naturel ne sont jamais distribu\u00e9es sans traitement. Ainsi,  nous proc\u00e9dons avec un processus appropri\u00e9 afin de garantir une eau potable qui respecte les normes .<\/p>\n<\/div>\n<\/div>\n\n\n\n<div class=\"wp-block-columns\">\n<div class=\"wp-block-column\" style=\"flex-basis:33.33%\">\n<div class=\"wp-block-buttons\">\n<div class=\"wp-block-button is-style-outline\"><a class=\"wp-block-button__link has-pale-cyan-blue-color has-text-color\" href=\"#\" style=\"border-radius:10px\">Hydraulique<\/a><\/div>\n<\/div>\n\n\n\n<p><strong>G C ,hydraulique et A E P<\/strong><\/p>\n<\/div>\n\n\n\n<div class=\"wp-block-column\" style=\"flex-basis:66.66%\">\n<p>    \u00c9tude et r\u00e9alisation de R\u00e9servoirs, ch\u00e2teaux d&rsquo;eau, Aep, assainissement et station de pompage.<\/p>\n<\/div>\n<\/div>\n\n\n\n<div class=\"wp-block-columns\">\n<div class=\"wp-block-column\" style=\"flex-basis:33.33%\">\n<div class=\"wp-block-buttons\">\n<div class=\"wp-block-button is-style-outline\"><a class=\"wp-block-button__link has-pale-cyan-blue-color has-text-color\" href=\"http:\/\/www.bouadjenak.com\/?p=1\" style=\"border-radius:10px\">Coffrages sp\u00e9ciaux<\/a><\/div>\n<\/div>\n\n\n\n<p><strong>Coffrages sp\u00e9ciaux<\/strong><\/p>\n<\/div>\n\n\n\n<div class=\"wp-block-column\" style=\"flex-basis:66.66%\">\n<p>Location de coffrage Glissant vertical pour la r\u00e9alisation des f\u00fbts de ch\u00e2teau d&rsquo;eau, silos, etc. \u2026<\/p>\n<\/div>\n<\/div>\n<\/div>\n\n\n\n<div class=\"wp-block-column\" style=\"flex-basis:33.33%\"><form class=\"wp-block-search\" role=\"search\" method=\"get\" action=\"https:\/\/www.bouadjenak.com\/\"><label for=\"wp-block-search__input-1\" class=\"wp-block-search__label\">Rechercher<\/label><input type=\"search\" id=\"wp-block-search__input-1\" class=\"wp-block-search__input\" name=\"s\" value=\"\" placeholder=\"\" required \/><button type=\"submit\" class=\"wp-block-search__button\">Rechercher<\/button><\/form><\/div>\n<\/div>\n\n\n\n<p><\/p>\n","protected":false},"excerpt":{"rendered":"","protected":false},"author":1,"featured_media":0,"parent":0,"menu_order":0,"comment_status":"closed","ping_status":"closed","template":"","meta":[],"_links":{"self":[{"href":"https:\/\/www.bouadjenak.com\/index.php?rest_route=\/wp\/v2\/pages\/40"}],"collection":[{"href":"https:\/\/www.bouadjenak.com\/index.php?rest_route=\/wp\/v2\/pages"}],"about":[{"href":"https:\/\/www.bouadjenak.com\/index.php?rest_route=\/wp\/v2\/types\/page"}],"author":[{"embeddable":true,"href":"https:\/\/www.bouadjenak.com\/index.php?rest_route=\/wp\/v2\/users\/1"}],"replies":[{"embeddable":true,"href":"https:\/\/www.bouadjenak.com\/index.php?rest_route=%2Fwp%2Fv2%2Fcomments&post=40"}],"version-history":[{"count":20,"href":"https:\/\/www.bouadjenak.com\/index.php?rest_route=\/wp\/v2\/pages\/40\/revisions"}],"predecessor-version":[{"id":284,"href":"https:\/\/www.bouadjenak.com\/index.php?rest_route=\/wp\/v2\/pages\/40\/revisions\/284"}],"wp:attachment":[{"href":"https:\/\/www.bouadjenak.com\/index.php?rest_route=%2Fwp%2Fv2%2Fmedia&parent=40"}],"curies":[{"name":"wp","href":"https:\/\/api.w.org\/{rel}","templated":true}]}}