{"id":241,"date":"2020-09-07T21:23:44","date_gmt":"2020-09-07T19:23:44","guid":{"rendered":"http:\/\/www.bouadjenak.com\/site\/wordpress\/?page_id=241"},"modified":"2020-09-07T22:59:57","modified_gmt":"2020-09-07T20:59:57","slug":"nos-references","status":"publish","type":"page","link":"https:\/\/www.bouadjenak.com\/?page_id=241","title":{"rendered":"Nos r\u00e9f\u00e9rences"},"content":{"rendered":"\n<h2 class=\"has-pale-cyan-blue-color has-text-color\">Derniers projets<\/h2>\n\n\n\n<div class=\"wp-block-columns\">\n<div class=\"wp-block-column\" style=\"flex-basis:67.6%\">\n<h5><strong>R\u00e9servoirs d&rsquo;eau<\/strong><\/h5>\n\n\n\n<ul><li>R\u00e9servoir 5000 m3&nbsp; (Tipaza Dre Tipaza)<\/li><li>R\u00e9servoir&nbsp;500 m3 \u00e0 Beni-Djem\u00e2a (El Affroun, W. de Blida)<\/li><li>R\u00e9servoir&nbsp;500 m3 \u00e0 Tala-Oulma (Ain \u2013Romana, W. de Blida)<\/li><li>R\u00e9servoir&nbsp;500 m3 \u00e0 Mahelma (Zeralda)<\/li><li>R\u00e9servoir&nbsp;&nbsp;50 m3 au&nbsp;CHU Dou\u00e9ra (Dou\u00e9ra)<\/li><li>R\u00e9servoir&nbsp;250 m3 \u00e0 Ha\u00ef Mazfran (Kol\u00e9a, Wilaya de Tipaza)<\/li><li>R\u00e9servoir&nbsp;500 m3 \u00e0 Benyamina (Boudouaou, W. de Boumerdes)&nbsp;<\/li><li>R\u00e9servoir&nbsp;500 m3 \u00e0 Ha\u00ef Djoughlali (Attatba, Wilaya de Tipaza)<\/li><li>R\u00e9servoir&nbsp;500 m3 \u00e0 Ha\u00ef Si M\u2019hamed Bouguerra (Fouka, Tipaza)<\/li><li>R\u00e9servoir&nbsp;500 m3 \u00e0 Bouchaoui (Cheraga, Wilaya d\u2019Alger)<\/li><li>R\u00e9servoir&nbsp;80 m3 et Station de pompage \u00e0 Bouchaoui (Cheraga, W. d\u2019Alger)<\/li><li>R\u00e9servoir&nbsp;800 m3 et Station de pompage \u00e0 Z\u00e9ralda (Z\u00e9ralda, Wilaya d\u2019Alger)<\/li><li>R\u00e9servoir&nbsp;500 m3 \u00e0 Keddara chef lieu (Keddara-Bouzegza, W. de Boumerdes)<\/li><li>R\u00e9servoir 1000 m3 &amp;&nbsp;04 R\u00e9servoirs 500 m3&nbsp;\u00e0 Cap Djenat Wilaya de Boumerdes&nbsp;<\/li><li>R\u00e9servoir 1000 m3 Meftah Wilaya de Blida&nbsp;<\/li><li>R\u00e9servoir 2000 m3 Magtaa Lazreg (Blida Dre Blida)<\/li><li>R\u00e9servoir 5000 m3 Hadjout (Tipaza Dre Tipaza)<\/li><li>R\u00e9servoir 2000 m3 Meurad (Tipaza Dre Tipaza)<\/li><li>R\u00e9servoir 2000 m3 N\u2019Chit (Boudouaou Dre Boumerdes)<\/li><li>R\u00e9servoir 2000 m3 EL Afroun (Blida Dre Blida)<\/li><li>Station de Pompage + Chemin\u00e9e d\u2019\u00e9quilibre Drimini (DreTipaza)<\/li><li>R\u00e9servoir 500 m3 + station de pompage El Afroun (Dre Blida)<\/li><li>Station de Pompage SP3 Merad (Dre Tipaza)<\/li><li>R\u00e9servoir 500 m3 \u00e0 Bouinan (Dre Blida)&nbsp;<\/li><li>R\u00e9servoir 500 m3 +&nbsp;Station de Pompage&nbsp; Mouzaia (Dre Blida)&nbsp;<em>(Renforcement de l&rsquo;Aep de Mouzaia &amp; Ain Romana)<\/em><\/li><\/ul>\n\n\n\n<h5>Ch\u00e2teaux d&rsquo;eau <\/h5>\n\n\n\n<ul><li>Ch\u00e2teau d\u2019eau 1 000 m3 \u00e0 Oued El Alleug (Wilaya de Blida)<\/li><li>Ch\u00e2teau d\u2019eau 200 m3 \u00e0 Bouroumi (El Affroun, Wilaya de Blida)<\/li><li>Ch\u00e2teau d\u2019eau 500 m3 au VSA de Chiffa (Wilaya de Blida)<\/li><li>Ch\u00e2teau d\u2019eau 1 000 m3 \u00e0 Zaouia B\u00e9ni Tamou (Wilaya de Blida)<\/li><li>Ch\u00e2teau d\u2019eau 5 000 m3 \u00e0 Boufarik (Wilaya de Blida)<\/li><li>Ch\u00e2teau d\u2019eau 500 m3 \u00e0 Ben Chabane (Wilaya de Blida)<\/li><li>Ch\u00e2teau d\u2019eau 500 m3 \u00e0 Ali Ben hadja (Birtouta)<\/li><li>Ch\u00e2teau d\u2019eau 1 000 m3 \u00e0 Ouled Chebel (Chebli )<\/li><li>Ch\u00e2teau d\u2019eau 500 m3 \u00e0 Ben-Sari (Chebli )<\/li><li>Ch\u00e2teau d\u2019eau 500 m3 \u00e0 Boudouaou El Bahri (Boudouaou, Boumerdes)<\/li><li>R\u00e9habilitation Ch\u00e2teau d\u2019eau 500 m3 Hamdi Slimane (Boudouaou, Boumerdes)<\/li><li>Ch\u00e2teau d\u2019eau 500 m3 \u00e0 Khodem (Chebli, Wilaya de Blida)<\/li><li>Ch\u00e2teau d\u2019eau 500 m3 \u00e0 Bouchaoui (Cheraga, Wilaya d\u2019Alger)<\/li><li>Ch\u00e2teau d\u2019eau 500 m3 \u00e0 Z\u00e9ralda (Z\u00e9ralda, Wilaya d\u2019Alger)<\/li><li>Ch\u00e2teau d\u2019eau 500 m3 \u00e0 Mahelma (Mahelma, Wilaya d\u2019Alger)<\/li><li>Ch\u00e2teau d\u2019eau 1000 m3 B\u00e9ni-Tamou (B\u00e9ni tamou, Wilaya de Blida)<\/li><li>Ch\u00e2teau d\u2019eau 500 m3 Plateau de Boudouaou (BEB, Wilaya de Boumerdes)<\/li><li>Ch\u00e2teau d\u2019eau 1000 m3 APC d\u2019Ouled Yaich (Ouled Yaich, Wilaya de Blida)<\/li><li>Ch\u00e2teau d\u2019eau 500 m3 Benamar Hammadi (Wilaya de Boumerdes)<\/li><li>Ch\u00e2teau d\u2019eau 200 m3 Domaine 20 (Mouzaia, Wilaya de Blida)<\/li><li>Ch\u00e2teau d\u2019eau 500 m3 Mouzaia (Mouzaia, Wilaya de Blida)<\/li><li>Ch\u00e2teau d\u2019eau 500 m3 Chebli (Chebli, Wilaya de Blida)<\/li><li>Ch\u00e2teau d\u2019eau 1000 m3 LARBA (Wilaya de Blida)<\/li><li>Ch\u00e2teau d\u2019eau 500 m3 Ain F&rsquo;Kaa (Wilaya de Djelfa)&nbsp;<em>(en cours de r\u00e9alisation)<\/em><\/li><li>Ch\u00e2teau d\u2019eau 500 m3 Bounaas (Chebli, W. de Blida)&nbsp;<em>(en cours de r\u00e9alisation)<\/em><\/li><li>Ch\u00e2teau d\u2019eau 300 m3 O.Attou (Bourached, Ain Defla)<em>(en cours de r\u00e9alisation)<\/em><\/li><li>Ch\u00e2teau d\u2019eau 300 m3 O.Zaher (Bourached, Ain Defla)&nbsp;<em>(en cours de r\u00e9alisation)<\/em><\/li><\/ul>\n<\/div>\n\n\n\n<div class=\"wp-block-column\">\n<h5><strong>attestation de bon ex\u00e9cution<\/strong><\/h5>\n\n\n\n<div class=\"wp-block-responsive-lightbox-gallery\"><div class=\"rl-gallery-container rl-loading\" id=\"rl-gallery-container-1\" data-gallery_id=\"256\"> <ul class=\"rl-gallery rl-basicslider-gallery rl-hover-icon-9\" id=\"rl-gallery-1\" data-gallery_no=\"1\"> <li class=\"rl-gallery-item\"><a href=\"https:\/\/www.bouadjenak.com\/wp-content\/uploads\/2020\/09\/attestation-de-bonne-execution-1-d408eeee65-scaled.jpg\" title=\"\" data-rl_title=\"\" class=\"rl-gallery-link\" data-rl_caption=\"\" data-rel=\"lightbox-gallery-1\"><img src=\"https:\/\/www.bouadjenak.com\/wp-content\/uploads\/2020\/09\/attestation-de-bonne-execution-1-d408eeee65-212x300.jpg\" width=\"212\" height=\"300\" alt=\"\"\/><\/a><\/li><li class=\"rl-gallery-item\"><a href=\"https:\/\/www.bouadjenak.com\/wp-content\/uploads\/2020\/09\/client6-5fbfef8194.png\" title=\"\" data-rl_title=\"\" class=\"rl-gallery-link\" data-rl_caption=\"\" data-rel=\"lightbox-gallery-1\"><img src=\"https:\/\/www.bouadjenak.com\/wp-content\/uploads\/2020\/09\/client6-5fbfef8194-261x300.png\" width=\"261\" height=\"300\" alt=\"\"\/><\/a><\/li><li class=\"rl-gallery-item\"><a href=\"https:\/\/www.bouadjenak.com\/wp-content\/uploads\/2020\/09\/client5-ebf2b94de3.png\" title=\"\" data-rl_title=\"\" class=\"rl-gallery-link\" data-rl_caption=\"\" data-rel=\"lightbox-gallery-1\"><img src=\"https:\/\/www.bouadjenak.com\/wp-content\/uploads\/2020\/09\/client5-ebf2b94de3-239x300.png\" width=\"239\" height=\"300\" alt=\"\"\/><\/a><\/li><li class=\"rl-gallery-item\"><a href=\"https:\/\/www.bouadjenak.com\/wp-content\/uploads\/2020\/09\/client4-a678c49f2a.png\" title=\"\" data-rl_title=\"\" class=\"rl-gallery-link\" data-rl_caption=\"\" data-rel=\"lightbox-gallery-1\"><img src=\"https:\/\/www.bouadjenak.com\/wp-content\/uploads\/2020\/09\/client4-a678c49f2a-241x300.png\" width=\"241\" height=\"300\" alt=\"\"\/><\/a><\/li><li class=\"rl-gallery-item\"><a href=\"https:\/\/www.bouadjenak.com\/wp-content\/uploads\/2020\/09\/client3-aa7cad4d58.png\" title=\"\" data-rl_title=\"\" class=\"rl-gallery-link\" data-rl_caption=\"\" data-rel=\"lightbox-gallery-1\"><img src=\"https:\/\/www.bouadjenak.com\/wp-content\/uploads\/2020\/09\/client3-aa7cad4d58-277x300.png\" width=\"277\" height=\"300\" alt=\"\"\/><\/a><\/li><li class=\"rl-gallery-item\"><a href=\"https:\/\/www.bouadjenak.com\/wp-content\/uploads\/2020\/09\/client2-7bdcd65665.png\" title=\"\" data-rl_title=\"\" class=\"rl-gallery-link\" data-rl_caption=\"\" data-rel=\"lightbox-gallery-1\"><img src=\"https:\/\/www.bouadjenak.com\/wp-content\/uploads\/2020\/09\/client2-7bdcd65665-270x300.png\" width=\"270\" height=\"300\" alt=\"\"\/><\/a><\/li> <\/ul> <\/div><\/div>\n<\/div>\n<\/div>\n\n\n\n<p><\/p>\n","protected":false},"excerpt":{"rendered":"<p>Derniers projets R\u00e9servoirs d&rsquo;eau R\u00e9servoir 5000 m3&nbsp; (Tipaza Dre Tipaza) R\u00e9servoir&nbsp;500 m3 \u00e0 Beni-Djem\u00e2a (El Affroun, W. de Blida) R\u00e9servoir&nbsp;500 m3 \u00e0 Tala-Oulma (Ain \u2013Romana, W. de Blida) R\u00e9servoir&nbsp;500 m3 &#8230;<\/p>\n","protected":false},"author":1,"featured_media":0,"parent":0,"menu_order":0,"comment_status":"closed","ping_status":"closed","template":"","meta":[],"_links":{"self":[{"href":"https:\/\/www.bouadjenak.com\/index.php?rest_route=\/wp\/v2\/pages\/241"}],"collection":[{"href":"https:\/\/www.bouadjenak.com\/index.php?rest_route=\/wp\/v2\/pages"}],"about":[{"href":"https:\/\/www.bouadjenak.com\/index.php?rest_route=\/wp\/v2\/types\/page"}],"author":[{"embeddable":true,"href":"https:\/\/www.bouadjenak.com\/index.php?rest_route=\/wp\/v2\/users\/1"}],"replies":[{"embeddable":true,"href":"https:\/\/www.bouadjenak.com\/index.php?rest_route=%2Fwp%2Fv2%2Fcomments&post=241"}],"version-history":[{"count":15,"href":"https:\/\/www.bouadjenak.com\/index.php?rest_route=\/wp\/v2\/pages\/241\/revisions"}],"predecessor-version":[{"id":280,"href":"https:\/\/www.bouadjenak.com\/index.php?rest_route=\/wp\/v2\/pages\/241\/revisions\/280"}],"wp:attachment":[{"href":"https:\/\/www.bouadjenak.com\/index.php?rest_route=%2Fwp%2Fv2%2Fmedia&parent=241"}],"curies":[{"name":"wp","href":"https:\/\/api.w.org\/{rel}","templated":true}]}}