{"id":102,"date":"2020-09-06T11:45:27","date_gmt":"2020-09-06T09:45:27","guid":{"rendered":"http:\/\/localhost\/word\/wordpress\/?page_id=102"},"modified":"2020-09-06T14:48:46","modified_gmt":"2020-09-06T12:48:46","slug":"actualites","status":"publish","type":"page","link":"https:\/\/www.bouadjenak.com\/?page_id=102","title":{"rendered":"Actualit\u00e9s"},"content":{"rendered":"\n<div class=\"wp-block-columns\">\n<div class=\"wp-block-column\" style=\"flex-basis:71%\">\n<div class=\"wp-block-group\"><div class=\"wp-block-group__inner-container\">\n<div class=\"wp-block-group\"><div class=\"wp-block-group__inner-container\"><ul class=\"wp-block-latest-posts wp-block-latest-posts__list is-grid columns-2 has-dates\"><li><div class=\"wp-block-latest-posts__featured-image alignleft\"><img width=\"800\" height=\"600\" src=\"https:\/\/www.bouadjenak.com\/wp-content\/uploads\/2020\/09\/photos-toshiba-global-1223-15bc16c209-1-1024x768.jpg\" class=\"attachment-large size-large wp-post-image\" alt=\"\" loading=\"lazy\" style=\"\" srcset=\"https:\/\/www.bouadjenak.com\/wp-content\/uploads\/2020\/09\/photos-toshiba-global-1223-15bc16c209-1-1024x768.jpg 1024w, https:\/\/www.bouadjenak.com\/wp-content\/uploads\/2020\/09\/photos-toshiba-global-1223-15bc16c209-1-300x225.jpg 300w, https:\/\/www.bouadjenak.com\/wp-content\/uploads\/2020\/09\/photos-toshiba-global-1223-15bc16c209-1-768x576.jpg 768w, https:\/\/www.bouadjenak.com\/wp-content\/uploads\/2020\/09\/photos-toshiba-global-1223-15bc16c209-1-1536x1152.jpg 1536w, https:\/\/www.bouadjenak.com\/wp-content\/uploads\/2020\/09\/photos-toshiba-global-1223-15bc16c209-1.jpg 1900w\" sizes=\"(max-width: 800px) 100vw, 800px\" \/><\/div><a href=\"https:\/\/www.bouadjenak.com\/?p=1\">Prestation de Location de Coffrage Glissant hydraulique &#038; Levage Lourd<\/a><time datetime=\"2020-09-04T12:01:11+02:00\" class=\"wp-block-latest-posts__post-date\">4 septembre 2020<\/time><div class=\"wp-block-latest-posts__post-excerpt\">Location de Coffrage Glissant&nbsp; Nous sommes une entreprise de travaux hydrauliques, sp\u00e9cialis\u00e9e dans les \u00e9tudes et r\u00e9alisation de r\u00e9servoirs, ch\u00e2teaux d\u2019eau et tout autre ouvrage en g\u00e9nie civil. Nous disposons &#8230;<\/div><\/li>\n<\/ul>\n\n\n<p><\/p>\n<\/div><\/div>\n\n\n\n<p><\/p>\n<\/div><\/div>\n<\/div>\n\n\n\n<div class=\"wp-block-column\" style=\"flex-basis:33.33%\"><form class=\"wp-block-search aligncenter\" role=\"search\" method=\"get\" action=\"https:\/\/www.bouadjenak.com\/\"><label for=\"wp-block-search__input-1\" class=\"wp-block-search__label\">Rechercher<\/label><input type=\"search\" id=\"wp-block-search__input-1\" class=\"wp-block-search__input\" name=\"s\" value=\"\" placeholder=\"\" required \/><button type=\"submit\" class=\"wp-block-search__button\">Rechercher<\/button><\/form><\/div>\n<\/div>\n\n\n\n<p><\/p>\n","protected":false},"excerpt":{"rendered":"","protected":false},"author":1,"featured_media":0,"parent":80,"menu_order":0,"comment_status":"closed","ping_status":"closed","template":"","meta":[],"_links":{"self":[{"href":"https:\/\/www.bouadjenak.com\/index.php?rest_route=\/wp\/v2\/pages\/102"}],"collection":[{"href":"https:\/\/www.bouadjenak.com\/index.php?rest_route=\/wp\/v2\/pages"}],"about":[{"href":"https:\/\/www.bouadjenak.com\/index.php?rest_route=\/wp\/v2\/types\/page"}],"author":[{"embeddable":true,"href":"https:\/\/www.bouadjenak.com\/index.php?rest_route=\/wp\/v2\/users\/1"}],"replies":[{"embeddable":true,"href":"https:\/\/www.bouadjenak.com\/index.php?rest_route=%2Fwp%2Fv2%2Fcomments&post=102"}],"version-history":[{"count":26,"href":"https:\/\/www.bouadjenak.com\/index.php?rest_route=\/wp\/v2\/pages\/102\/revisions"}],"predecessor-version":[{"id":145,"href":"https:\/\/www.bouadjenak.com\/index.php?rest_route=\/wp\/v2\/pages\/102\/revisions\/145"}],"up":[{"embeddable":true,"href":"https:\/\/www.bouadjenak.com\/index.php?rest_route=\/wp\/v2\/pages\/80"}],"wp:attachment":[{"href":"https:\/\/www.bouadjenak.com\/index.php?rest_route=%2Fwp%2Fv2%2Fmedia&parent=102"}],"curies":[{"name":"wp","href":"https:\/\/api.w.org\/{rel}","templated":true}]}}